{"id":118,"date":"2025-09-10T07:51:39","date_gmt":"2025-09-10T07:51:39","guid":{"rendered":"https:\/\/mode-avenue.cite-formations-tours.fr\/?page_id=118"},"modified":"2025-09-10T08:22:02","modified_gmt":"2025-09-10T08:22:02","slug":"pourquoi-le-jean-brut-made-in-france-est-un-indispensable","status":"publish","type":"page","link":"https:\/\/mode-avenue.cite-formations-tours.fr\/?page_id=118","title":{"rendered":"Pourquoi le jean brut Made in France est un indispensable"},"content":{"rendered":"<p>Le jean brut made in France est indispensable gr\u00e2ce \u00e0 sa coupe intemporelle qui s\u2019adapte \u00e0 toutes les silhouettes, sa mati\u00e8re denim authentique qui se bonifie avec le temps, sa durabilit\u00e9 qui en fait une pi\u00e8ce unique et r\u00e9sistante, et son origine fran\u00e7aise qui valorise un savoir-faire local et responsable.<\/p>\n<h2>Une coupe intemporelle<\/h2>\n<p>\u00a0 \u00a0 Le jean brut se distingue par sa ligne sobre et \u00e9l\u00e9gante. Il s\u2019adapte \u00e0 toutes les\u00a0 \u00a0 \u00a0 \u00a0 \u00a0 \u00a0 \u00a0 \u00a0 \u00a0 silhouettes et traverse les modes sans jamais perdre de son style.<\/p>\n<h2>Une qualit\u00e9 irr\u00e9prochable<\/h2>\n<p>Gr\u00e2ce \u00e0 sa toile denim brute, ce v\u00eatement durable offre une mati\u00e8re authentique et r\u00e9sistante. Plus vous le portez, plus il se patine et devient unique, refl\u00e9tant votre propre style.<\/p>\n<h2>Un choix \u00e9thique<\/h2>\n<p>Le made in France, le jean brut valorise le savoir-faire local, soutient l\u2019\u00e9conomie nationale et encourage une consommation plus responsable et durable.<\/p>\n<figure><img decoding=\"async\" src=\"https:\/\/mode-avenue.cite-formations-tours.fr\/wp-content\/uploads\/2025\/09\/images-3-150x150.jpg\" alt=\"photo d&#039;un mannequin qui porte notre jean\" \/><\/figure>\n<figure><img decoding=\"async\" src=\"https:\/\/mode-avenue.cite-formations-tours.fr\/wp-content\/uploads\/2025\/09\/images-2-150x150.png\" alt=\"image d&#039;un jean pour expliquer la coupe intemporelle\" \/><\/figure>\n<figure><img decoding=\"async\" src=\"https:\/\/mode-avenue.cite-formations-tours.fr\/wp-content\/uploads\/2025\/09\/images-1-150x150.jpg\" alt=\"photo d&#039;un jean made in france plier\" \/><\/figure>\n<p>\t\t\t\t\t\t<svg aria-hidden=\"true\" viewBox=\"0 0 1000 1000\" xmlns=\"http:\/\/www.w3.org\/2000\/svg\"><path d=\"M646 125C629 125 613 133 604 142L308 442C296 454 292 471 292 487 292 504 296 521 308 533L604 854C617 867 629 875 646 875 663 875 679 871 692 858 704 846 713 829 713 812 713 796 708 779 692 767L438 487 692 225C700 217 708 204 708 187 708 171 704 154 692 142 675 129 663 125 646 125Z\"><\/path><\/svg><br \/>\n\t\t\t\t\t\t<svg aria-hidden=\"true\" viewBox=\"0 0 1000 1000\" xmlns=\"http:\/\/www.w3.org\/2000\/svg\"><path d=\"M696 533C708 521 713 504 713 487 713 471 708 454 696 446L400 146C388 133 375 125 354 125 338 125 325 129 313 142 300 154 292 171 292 187 292 204 296 221 308 233L563 492 304 771C292 783 288 800 288 817 288 833 296 850 308 863 321 871 338 875 354 875 371 875 388 867 400 854L696 533Z\"><\/path><\/svg><\/p>\n","protected":false},"excerpt":{"rendered":"<p>Le jean brut made in France est indispensable gr\u00e2ce \u00e0 sa coupe intemporelle qui s\u2019adapte \u00e0 toutes les silhouettes, sa [&hellip;]<\/p>\n","protected":false},"author":4,"featured_media":0,"parent":0,"menu_order":0,"comment_status":"closed","ping_status":"closed","template":"","meta":{"_uag_custom_page_level_css":"","site-sidebar-layout":"no-sidebar","site-content-layout":"","ast-site-content-layout":"full-width-container","site-content-style":"default","site-sidebar-style":"default","ast-global-header-display":"","ast-banner-title-visibility":"","ast-main-header-display":"","ast-hfb-above-header-display":"","ast-hfb-below-header-display":"","ast-hfb-mobile-header-display":"","site-post-title":"","ast-breadcrumbs-content":"","ast-featured-img":"disabled","footer-sml-layout":"","ast-disable-related-posts":"","theme-transparent-header-meta":"","adv-header-id-meta":"","stick-header-meta":"","header-above-stick-meta":"","header-main-stick-meta":"","header-below-stick-meta":"","astra-migrate-meta-layouts":"default","ast-page-background-enabled":"default","ast-page-background-meta":{"desktop":{"background-color":"var(--ast-global-color-5)","background-image":"","background-repeat":"repeat","background-position":"center center","background-size":"auto","background-attachment":"scroll","background-type":"","background-media":"","overlay-type":"","overlay-color":"","overlay-opacity":"","overlay-gradient":""},"tablet":{"background-color":"","background-image":"","background-repeat":"repeat","background-position":"center center","background-size":"auto","background-attachment":"scroll","background-type":"","background-media":"","overlay-type":"","overlay-color":"","overlay-opacity":"","overlay-gradient":""},"mobile":{"background-color":"","background-image":"","background-repeat":"repeat","background-position":"center center","background-size":"auto","background-attachment":"scroll","background-type":"","background-media":"","overlay-type":"","overlay-color":"","overlay-opacity":"","overlay-gradient":""}},"ast-content-background-meta":{"desktop":{"background-color":"var(--ast-global-color-4)","background-image":"","background-repeat":"repeat","background-position":"center center","background-size":"auto","background-attachment":"scroll","background-type":"","background-media":"","overlay-type":"","overlay-color":"","overlay-opacity":"","overlay-gradient":""},"tablet":{"background-color":"var(--ast-global-color-4)","background-image":"","background-repeat":"repeat","background-position":"center center","background-size":"auto","background-attachment":"scroll","background-type":"","background-media":"","overlay-type":"","overlay-color":"","overlay-opacity":"","overlay-gradient":""},"mobile":{"background-color":"var(--ast-global-color-4)","background-image":"","background-repeat":"repeat","background-position":"center center","background-size":"auto","background-attachment":"scroll","background-type":"","background-media":"","overlay-type":"","overlay-color":"","overlay-opacity":"","overlay-gradient":""}},"footnotes":""},"class_list":["post-118","page","type-page","status-publish","hentry"],"yoast_head":"<!-- This site is optimized with the Yoast SEO plugin v27.6 - https:\/\/yoast.com\/product\/yoast-seo-wordpress\/ -->\n<title>Pourquoi le jean brut Made in France est un indispensable - Mode Avenue<\/title>\n<meta name=\"robots\" content=\"noindex, follow, max-snippet:-1, max-image-preview:large, max-video-preview:-1\" \/>\n<meta property=\"og:locale\" content=\"fr_FR\" \/>\n<meta property=\"og:type\" content=\"article\" \/>\n<meta property=\"og:title\" content=\"Pourquoi le jean brut Made in France est un indispensable - Mode Avenue\" \/>\n<meta property=\"og:description\" content=\"Le jean brut made in France est indispensable gr\u00e2ce \u00e0 sa coupe intemporelle qui s\u2019adapte \u00e0 toutes les silhouettes, sa [&hellip;]\" \/>\n<meta property=\"og:url\" content=\"https:\/\/mode-avenue.cite-formations-tours.fr\/?page_id=118\" \/>\n<meta property=\"og:site_name\" content=\"Mode Avenue\" \/>\n<meta property=\"article:modified_time\" content=\"2025-09-10T08:22:02+00:00\" \/>\n<meta property=\"og:image\" content=\"https:\/\/mode-avenue.cite-formations-tours.fr\/wp-content\/uploads\/2025\/09\/images-3-150x150.jpg\" \/>\n<meta name=\"twitter:card\" content=\"summary_large_image\" \/>\n<meta name=\"twitter:label1\" content=\"Dur\u00e9e de lecture estim\u00e9e\" \/>\n\t<meta name=\"twitter:data1\" content=\"2 minutes\" \/>\n<script type=\"application\/ld+json\" class=\"yoast-schema-graph\">{\"@context\":\"https:\\\/\\\/schema.org\",\"@graph\":[{\"@type\":\"WebPage\",\"@id\":\"https:\\\/\\\/mode-avenue.cite-formations-tours.fr\\\/?page_id=118\",\"url\":\"https:\\\/\\\/mode-avenue.cite-formations-tours.fr\\\/?page_id=118\",\"name\":\"Pourquoi le jean brut Made in France est un indispensable - Mode Avenue\",\"isPartOf\":{\"@id\":\"https:\\\/\\\/mode-avenue.cite-formations-tours.fr\\\/#website\"},\"primaryImageOfPage\":{\"@id\":\"https:\\\/\\\/mode-avenue.cite-formations-tours.fr\\\/?page_id=118#primaryimage\"},\"image\":{\"@id\":\"https:\\\/\\\/mode-avenue.cite-formations-tours.fr\\\/?page_id=118#primaryimage\"},\"thumbnailUrl\":\"https:\\\/\\\/mode-avenue.cite-formations-tours.fr\\\/wp-content\\\/uploads\\\/2025\\\/09\\\/images-3-150x150.jpg\",\"datePublished\":\"2025-09-10T07:51:39+00:00\",\"dateModified\":\"2025-09-10T08:22:02+00:00\",\"breadcrumb\":{\"@id\":\"https:\\\/\\\/mode-avenue.cite-formations-tours.fr\\\/?page_id=118#breadcrumb\"},\"inLanguage\":\"fr-FR\",\"potentialAction\":[{\"@type\":\"ReadAction\",\"target\":[\"https:\\\/\\\/mode-avenue.cite-formations-tours.fr\\\/?page_id=118\"]}]},{\"@type\":\"ImageObject\",\"inLanguage\":\"fr-FR\",\"@id\":\"https:\\\/\\\/mode-avenue.cite-formations-tours.fr\\\/?page_id=118#primaryimage\",\"url\":\"https:\\\/\\\/mode-avenue.cite-formations-tours.fr\\\/wp-content\\\/uploads\\\/2025\\\/09\\\/images-3.jpg\",\"contentUrl\":\"https:\\\/\\\/mode-avenue.cite-formations-tours.fr\\\/wp-content\\\/uploads\\\/2025\\\/09\\\/images-3.jpg\",\"width\":194,\"height\":259,\"caption\":\"photo d'un mannequin qui porte notre jean\"},{\"@type\":\"BreadcrumbList\",\"@id\":\"https:\\\/\\\/mode-avenue.cite-formations-tours.fr\\\/?page_id=118#breadcrumb\",\"itemListElement\":[{\"@type\":\"ListItem\",\"position\":1,\"name\":\"Accueil\",\"item\":\"https:\\\/\\\/mode-avenue.cite-formations-tours.fr\\\/\"},{\"@type\":\"ListItem\",\"position\":2,\"name\":\"Pourquoi le jean brut Made in France est un indispensable\"}]},{\"@type\":\"WebSite\",\"@id\":\"https:\\\/\\\/mode-avenue.cite-formations-tours.fr\\\/#website\",\"url\":\"https:\\\/\\\/mode-avenue.cite-formations-tours.fr\\\/\",\"name\":\"Mode Avenue\",\"description\":\"\",\"publisher\":{\"@id\":\"https:\\\/\\\/mode-avenue.cite-formations-tours.fr\\\/#organization\"},\"potentialAction\":[{\"@type\":\"SearchAction\",\"target\":{\"@type\":\"EntryPoint\",\"urlTemplate\":\"https:\\\/\\\/mode-avenue.cite-formations-tours.fr\\\/?s={search_term_string}\"},\"query-input\":{\"@type\":\"PropertyValueSpecification\",\"valueRequired\":true,\"valueName\":\"search_term_string\"}}],\"inLanguage\":\"fr-FR\"},{\"@type\":\"Organization\",\"@id\":\"https:\\\/\\\/mode-avenue.cite-formations-tours.fr\\\/#organization\",\"name\":\"Mode Avenue\",\"url\":\"https:\\\/\\\/mode-avenue.cite-formations-tours.fr\\\/\",\"logo\":{\"@type\":\"ImageObject\",\"inLanguage\":\"fr-FR\",\"@id\":\"https:\\\/\\\/mode-avenue.cite-formations-tours.fr\\\/#\\\/schema\\\/logo\\\/image\\\/\",\"url\":\"https:\\\/\\\/mode-avenue.cite-formations-tours.fr\\\/wp-content\\\/uploads\\\/2025\\\/08\\\/mode_avenue.jpg\",\"contentUrl\":\"https:\\\/\\\/mode-avenue.cite-formations-tours.fr\\\/wp-content\\\/uploads\\\/2025\\\/08\\\/mode_avenue.jpg\",\"width\":645,\"height\":238,\"caption\":\"Mode Avenue\"},\"image\":{\"@id\":\"https:\\\/\\\/mode-avenue.cite-formations-tours.fr\\\/#\\\/schema\\\/logo\\\/image\\\/\"}}]}<\/script>\n<!-- \/ Yoast SEO plugin. -->","yoast_head_json":{"title":"Pourquoi le jean brut Made in France est un indispensable - Mode Avenue","robots":{"index":"noindex","follow":"follow","max-snippet":"max-snippet:-1","max-image-preview":"max-image-preview:large","max-video-preview":"max-video-preview:-1"},"og_locale":"fr_FR","og_type":"article","og_title":"Pourquoi le jean brut Made in France est un indispensable - Mode Avenue","og_description":"Le jean brut made in France est indispensable gr\u00e2ce \u00e0 sa coupe intemporelle qui s\u2019adapte \u00e0 toutes les silhouettes, sa [&hellip;]","og_url":"https:\/\/mode-avenue.cite-formations-tours.fr\/?page_id=118","og_site_name":"Mode Avenue","article_modified_time":"2025-09-10T08:22:02+00:00","og_image":[{"url":"https:\/\/mode-avenue.cite-formations-tours.fr\/wp-content\/uploads\/2025\/09\/images-3-150x150.jpg","type":"","width":"","height":""}],"twitter_card":"summary_large_image","twitter_misc":{"Dur\u00e9e de lecture estim\u00e9e":"2 minutes"},"schema":{"@context":"https:\/\/schema.org","@graph":[{"@type":"WebPage","@id":"https:\/\/mode-avenue.cite-formations-tours.fr\/?page_id=118","url":"https:\/\/mode-avenue.cite-formations-tours.fr\/?page_id=118","name":"Pourquoi le jean brut Made in France est un indispensable - Mode Avenue","isPartOf":{"@id":"https:\/\/mode-avenue.cite-formations-tours.fr\/#website"},"primaryImageOfPage":{"@id":"https:\/\/mode-avenue.cite-formations-tours.fr\/?page_id=118#primaryimage"},"image":{"@id":"https:\/\/mode-avenue.cite-formations-tours.fr\/?page_id=118#primaryimage"},"thumbnailUrl":"https:\/\/mode-avenue.cite-formations-tours.fr\/wp-content\/uploads\/2025\/09\/images-3-150x150.jpg","datePublished":"2025-09-10T07:51:39+00:00","dateModified":"2025-09-10T08:22:02+00:00","breadcrumb":{"@id":"https:\/\/mode-avenue.cite-formations-tours.fr\/?page_id=118#breadcrumb"},"inLanguage":"fr-FR","potentialAction":[{"@type":"ReadAction","target":["https:\/\/mode-avenue.cite-formations-tours.fr\/?page_id=118"]}]},{"@type":"ImageObject","inLanguage":"fr-FR","@id":"https:\/\/mode-avenue.cite-formations-tours.fr\/?page_id=118#primaryimage","url":"https:\/\/mode-avenue.cite-formations-tours.fr\/wp-content\/uploads\/2025\/09\/images-3.jpg","contentUrl":"https:\/\/mode-avenue.cite-formations-tours.fr\/wp-content\/uploads\/2025\/09\/images-3.jpg","width":194,"height":259,"caption":"photo d'un mannequin qui porte notre jean"},{"@type":"BreadcrumbList","@id":"https:\/\/mode-avenue.cite-formations-tours.fr\/?page_id=118#breadcrumb","itemListElement":[{"@type":"ListItem","position":1,"name":"Accueil","item":"https:\/\/mode-avenue.cite-formations-tours.fr\/"},{"@type":"ListItem","position":2,"name":"Pourquoi le jean brut Made in France est un indispensable"}]},{"@type":"WebSite","@id":"https:\/\/mode-avenue.cite-formations-tours.fr\/#website","url":"https:\/\/mode-avenue.cite-formations-tours.fr\/","name":"Mode Avenue","description":"","publisher":{"@id":"https:\/\/mode-avenue.cite-formations-tours.fr\/#organization"},"potentialAction":[{"@type":"SearchAction","target":{"@type":"EntryPoint","urlTemplate":"https:\/\/mode-avenue.cite-formations-tours.fr\/?s={search_term_string}"},"query-input":{"@type":"PropertyValueSpecification","valueRequired":true,"valueName":"search_term_string"}}],"inLanguage":"fr-FR"},{"@type":"Organization","@id":"https:\/\/mode-avenue.cite-formations-tours.fr\/#organization","name":"Mode Avenue","url":"https:\/\/mode-avenue.cite-formations-tours.fr\/","logo":{"@type":"ImageObject","inLanguage":"fr-FR","@id":"https:\/\/mode-avenue.cite-formations-tours.fr\/#\/schema\/logo\/image\/","url":"https:\/\/mode-avenue.cite-formations-tours.fr\/wp-content\/uploads\/2025\/08\/mode_avenue.jpg","contentUrl":"https:\/\/mode-avenue.cite-formations-tours.fr\/wp-content\/uploads\/2025\/08\/mode_avenue.jpg","width":645,"height":238,"caption":"Mode Avenue"},"image":{"@id":"https:\/\/mode-avenue.cite-formations-tours.fr\/#\/schema\/logo\/image\/"}}]}},"uagb_featured_image_src":{"full":false,"thumbnail":false,"medium":false,"medium_large":false,"large":false,"1536x1536":false,"2048x2048":false},"uagb_author_info":{"display_name":"Hugo CARDINEAU-RAT","author_link":"https:\/\/mode-avenue.cite-formations-tours.fr\/?author=4"},"uagb_comment_info":0,"uagb_excerpt":"Le jean brut made in France est indispensable gr\u00e2ce \u00e0 sa coupe intemporelle qui s\u2019adapte \u00e0 toutes les silhouettes, sa [&hellip;]","_links":{"self":[{"href":"https:\/\/mode-avenue.cite-formations-tours.fr\/index.php?rest_route=\/wp\/v2\/pages\/118","targetHints":{"allow":["GET"]}}],"collection":[{"href":"https:\/\/mode-avenue.cite-formations-tours.fr\/index.php?rest_route=\/wp\/v2\/pages"}],"about":[{"href":"https:\/\/mode-avenue.cite-formations-tours.fr\/index.php?rest_route=\/wp\/v2\/types\/page"}],"author":[{"embeddable":true,"href":"https:\/\/mode-avenue.cite-formations-tours.fr\/index.php?rest_route=\/wp\/v2\/users\/4"}],"replies":[{"embeddable":true,"href":"https:\/\/mode-avenue.cite-formations-tours.fr\/index.php?rest_route=%2Fwp%2Fv2%2Fcomments&post=118"}],"version-history":[{"count":5,"href":"https:\/\/mode-avenue.cite-formations-tours.fr\/index.php?rest_route=\/wp\/v2\/pages\/118\/revisions"}],"predecessor-version":[{"id":214,"href":"https:\/\/mode-avenue.cite-formations-tours.fr\/index.php?rest_route=\/wp\/v2\/pages\/118\/revisions\/214"}],"wp:attachment":[{"href":"https:\/\/mode-avenue.cite-formations-tours.fr\/index.php?rest_route=%2Fwp%2Fv2%2Fmedia&parent=118"}],"curies":[{"name":"wp","href":"https:\/\/api.w.org\/{rel}","templated":true}]}}